{"id":16617,"date":"2019-04-26T13:55:38","date_gmt":"2019-04-26T11:55:38","guid":{"rendered":"https:\/\/archive2.bakonline.org\/?page_id=16617"},"modified":"2019-04-26T14:02:33","modified_gmt":"2019-04-26T12:02:33","slug":"lawrence-weiner-dicht-bij","status":"publish","type":"page","link":"https:\/\/archive2.bakonline.org\/nl\/lawrence-weiner-dicht-bij\/","title":{"rendered":"Lawrence Weiner, Dicht Bij"},"content":{"rendered":"\n<p>Lawrence Weiner&nbsp;kwam begin jaren \u201960 naar Nederland en vanwege het inspirerende karakter van de Nederlandse kunstwereld keerde hij in 1970 terug om in zekere zin tot op de dag van vandaag te blijven. Destijds was Amsterdam een van de productieve \u2018plaats[en] van onrust\u2019 in de wereld zoals hij dat noemde. De stad, met zijn typische levensstijl en internationale karakter (in zijn herinnering gerepresenteerd door een actieve _scene _rondom Art &amp; Project en de legendarische tentoonstellingen van het Stedelijk Museum) leidde er toe dat Weiner er, naast New York, zijn tweede thuis van maakte. Sindsdien leeft hij \u201cmet \u00e9\u00e9n been in de nieuwe, en \u00e9\u00e9n been in de oude wereld\u201d. Nederland biedt vandaag de dag naar zijn mening \u201cintens vruchtbare relaties, zowel binnen als buiten de kunstwereld\u201d. In de tussenliggende decennia deed zich in de kunstwereld, \u201congeveer net zoals in de rest van de wereld\u201d, in de woorden van de kunstenaar, een verschuiving voor \u201cvan een idealistische, soms aandoenlijk na\u00efeve hoop om betrokken te zijn bij de hele wereld, naar de komst van een extreem paternalistisch nationalisme dat het aanvankelijke enthousiasme lijkt te hebben getemperd. Het veranderde van een post-Galile\u00efsche wereld die zich ervan bewust was dat zij rond de zon draaide in een pre-Galile\u00efsch concept van een wereld die alleen om zichzelf draait\u2026\u201d[1] Zowel binnen als buiten de kunst zou het keerpunt dat aan deze verschuiving ten grondslag ligt wellicht gevonden kunnen worden in het wijdverbreide gevoel van overgave aan het eindspel van het neoliberaal kapitalisme; gelatenheid vermomd als een zelfgenoegzame mateloosheid en een zelfbenoemde hegemonie, zeker in het zogenaamde Westen na haar \u2018overwinning\u2019 op de alternatieve politieke constructie van het communisme in Europa. Het is een situatie waarin solidariteit door competitie is vervangen en het verlangen naar een betere wereld voor marktwaarde is ingewisseld. Beide belemmeren doeltreffend het zicht op andere mogelijkheden om met elkaar en met de wereld om te gaan. Juist deze situatie werd het hoofdonderwerp van de gesprekken tussen Weiner en mijzelf in de maanden voorafgaand aan deze tentoonstelling.<\/p>\n\n\n\n<div style=\"height:10px\" aria-hidden=\"true\" class=\"wp-block-spacer\"><\/div>\n\n\n\n<p>In de woorden van Weiner, \u201cKunst gaat niet over jou. Kunst gaat niet over mij. Kunst gaat over wij.\u201d Als er dan al een eis aan kunst moet worden gesteld, dan is het dat \u201chet openbaar is\u201d. Met andere woorden, dat het zich bezighoudt met het politieke, dat wil zeggen, met de dimensie van relaties tot anderen, van collectiviteit en, inderdaad, van solidariteit. In dit wereldbeeld gaat kunst, op het punt dat ze zich aan de wereld openbaart, noodzakelijkerwijs de dialoog aan met de gevestigde orde. In tegenstelling tot de eerder genoemde diagnose van overgave is kunst (wellicht anders dan andere gebieden van menselijke inspanning) altijd \u201ceen in twijfel trekken van de implementatie\u201d. Maar waarom verspillen wij dit potenti\u00eble vermogen aan zaken uit het verleden, aan wat is geweest? \u201cWaarom kijken we constant naar een situatie vanuit het perspectief van een vorige situatie wanneer de functie van kunst een bepaling van logische structuren en patronen is zoals ze nu bestaan, en niet ten opzichte van hoe ze hebben bestaan?\u201d[2] Het werk van Weiner is altijd in en voor het&nbsp;<em>heden<\/em>, ingegeven door zijn onvrede over de configuratie van de dingen die hij waarneemt. De reden om kunst te maken is namelijk het loswrikken van heersende maatschappelijke opvattingen en het bieden van een ander patroon, een alternatief voor de structuren die onze huidige leefwijze bepalen \u2212 ook wanneer dit niet per se door de maatschappij van de kunstenaar wordt gevraagd, of zelfs wanneer dat wat hij of zij zegt voor de maatschappij niet prettig is om te horen.<\/p>\n\n\n\n<div style=\"height:10px\" aria-hidden=\"true\" class=\"wp-block-spacer\"><\/div>\n\n\n\n<p>Het concept van de (westerse) hegemonie is een van die onuitgesproken \u2018gemeenschappelijke opvattingen\u2019 die Weiner onvermijdelijk aan de kaak stelt met zijn manier van kunst maken die gaat over \u201cde relatie van mensen tot objecten en van objecten tot objecten in relatie tot mensen\u201d. Met zijn voorstel \u2212 \u201cNiet langer het Westen, het Oosten, het Noorden, het Zuiden\u201d \u2013 verwerpt hij deze problematische (geo)politieke indeling, evenals het constante machtsvertoon waaraan het zogenaamde Westen zich vastklampt om zijn denkbeeldige plek aan de top van de wereld te behouden. In het tentoongestelde werk verwijst hij naar een reeks van hi\u00ebrarchische condities: \u2018op het op\u2019, \u2018op het boven op\u2019, \u2018op het beneden op\u2019, en van daaruit presenteert hij zowel met beeld als taal een serie tekeningen waarin de dialectiek van de heersende massa tegenover zijn ondergeschikte tegenhanger wordt verstoord en door dit conflict onhoudbaar wordt verklaard. Weiner voert in deze constructie de bekende fictieve figuur Humpty Dumpty op, waarmee de discussie op speelse wijze verder wordt geholpen. Het originele rijmpje is:&nbsp;<em>Humpty Dumpty<\/em>&nbsp;<em>sat on a wall\/Humpty Dumpty had a great fall<\/em>. Weiner voegt toe: \u201cOp het moment van contact is de dialectiek niet langer levensvatbaar (Humpty Dumpty\u2026),\u201d en hij geeft de laatste drie regels van het raadsel (waarbij hij het geslacht van het origineel verandert, de koning wordt een koningin): \u201cAll the Queen\u2019s horses\/And all the Queen\u2019s men\/Couldn\u2019t put Humpty together again.\u201d<\/p>\n\n\n\n<div style=\"height:10px\" aria-hidden=\"true\" class=\"wp-block-spacer\"><\/div>\n\n\n\n<p>De schade veroorzaakt door de botsing van tegenstrijdige ideologie\u00ebn wordt zichtbaar gemaakt door hun lot te vergelijken met een gebroken ei (zoals Humpty Dumpty doorgaans na de val wordt afgebeeld). Deze schade is overduidelijk onherstelbaar, maar opent wel de deur naar een scala aan nieuwe mogelijkheden. \u201cVoortgebracht door de resonantie van een dissonantie\u201d is een nieuwe orde van dingen, die van \u2018<em>Dicht Bij<\/em>\u2019. Als artistieke verbeelding blijft&nbsp;<em>Dicht Bij _in een gebied van dubbelzinnigheid. Er wordt geen Engelse vertaling van gegeven, iets wat ongewoon is voor de kunstenaar. Weiner geeft degenen met kennis van het Nederlands een constructie die niet per se grammaticaal onjuist is, maar waarmee ook geen precieze betekenis wordt weergegeven. Aaneengeschreven verwijst _dichtbij _(logischerwijs) naar dat wat dichtbij is. Als de woorden los geschreven worden, wordt er een reeks betekenissen geopend die ongedefinieerd zijn en niets voorschrijven, vol van connotaties die scherpe scheidingen (van de wereld en anderszins) destabiliseren en die heen en weer schommelen tussen de eindeloze mogelijkheden, van \u2018nabij\u2019 tot \u2018gesloten\u2019 tot \u2018horend bij\u2019 tot \u2018rond\u2019 tot \u2018naast\u2019 tot\u2026 Om te vermijden dat de kijker iets wordt opgelegd, wordt _Dicht Bij<\/em>&nbsp;gepresenteerd als een object, een kunstwerk dat in taal bestaat \u2212 het ultieme materiaal van Weiner.<\/p>\n\n\n\n<div style=\"height:10px\" aria-hidden=\"true\" class=\"wp-block-spacer\"><\/div>\n\n\n\n<p>\u201cHet is taal, voor zover ik het kan zien,\u201d zegt hij en vervolgt: \u201cMijn proza is onsamenhangend, omdat ik het zie in zelfstandige naamwoorden. En ik zie iedere activiteit als een zelfstandig naamwoord, omdat ik het als een materieel proces zie dat ik begrijp als kunst.\u201d[3] Zoals de tekstuele abstracties in deze tentoonstelling bevatten de tekstwerken van Weiner een schrijfstijl die zelf manieren zoekt om elke autoritaire lading te vermijden en de neiging tot hegemonie van de wereld eromheen af te wijzen, en te zorgen dat het dictatoriale karakter van zowel taal- als wereldstructuren niet doorsijpelt. Hiervoor is het opstellen van zijn eigen grammaticaregels vereist, zoals het vermijden van het gebruik van werkwoorden of het veranderen van de heersende geslachtsconventies, terwijl hij er tegelijkertijd voor zorgt dat het object nog wel begrijpelijk is door de overlap met dat wat deel uitmaakt van de tastbare wereld in het dagelijkse leven.<\/p>\n\n\n\n<div style=\"height:10px\" aria-hidden=\"true\" class=\"wp-block-spacer\"><\/div>\n\n\n\n<p>Net als ieder ander materiaal waar Weiner mee werkt \u2013 steen, staal, hout, water \u2013 draagt taal complexe informatie in zich over de omgeving waar het vandaan komt. Indirect bevat taal niet alleen de afdrukken van de concrete politieke gebeurtenissen die we in ons dagelijks leven meemaken, maar ook de schaduwen van de op compromissen gebaseerde menselijke ecologie van de maatschappij in zijn geheel. Actuele politieke, culturele en economische gebeurtenissen zijn zo onvermijdelijk in het werk van Weiner opgenomen, ook al gaat het daar nooit expliciet over. Als kunst dat wel zou doen, zou kunst niets meer doen dan datgene te kopi\u00ebren wat zo gewoon is in de maatschappij, waar \u201cde vicieuze cirkel van agressor\/slachtoffer\/agressor momenteel gewoon een spreekwoordelijke kettingbotsing is\u201d.[4] Kunst daarentegen \u201cprobeert in het beste geval een realiteit weer te geven (een materi\u00eble realiteit) die in elke context een ander logisch patroon vertoont\u201d. Als een dergelijk logisch patroon kan worden opgemerkt en als daarbij de verschillende soorten relaties kunnen worden veranderd door een confrontatie met een kunstwerk, hoe kortstondig ook, zal de verandering doorklinken in de maatschappij. Het kan zelfs zo zijn dat het zich bezighouden met een dergelijk kunstwerk over onze wereld uiteindelijk kan betekenen dat wij ons bezighouden met onze wereld\u2026 op een andere manier.<\/p>\n\n\n\n<div style=\"height:10px\" aria-hidden=\"true\" class=\"wp-block-spacer\"><\/div>\n\n\n\n<p>Endnotes:<\/p>\n\n\n\n<div style=\"height:10px\" aria-hidden=\"true\" class=\"wp-block-spacer\"><\/div>\n\n\n\n<p class=\"has-small-font-size\">[1]&nbsp;Lawrence Weiner, \u2018Art Is About We: A Conversation with&nbsp;Lawrence Weiner\u2019, in<em>Citizens and Subjects: The Netherlands,<\/em> _for example, _red. Rosi Braidotti, Charles Esche en Maria Hlavajova (Utrecht\/Z\u00fcrich: BAK, basis voor actuele kunst en JRP|Ringier, 2007), p. 309.<\/p>\n\n\n\n<p class=\"has-small-font-size\">[2] E-mailcorrespondentie met de kunstenaar, november 2009.<\/p>\n\n\n\n<p class=\"has-small-font-size\">[3]&nbsp;Lawrence Weiner, ge\u010fnterviewd door Phillis Rosenzweig (1990), in&nbsp;<em>Having Been<\/em>&nbsp;<em>Said, Writings &amp; Interview of Lawrence<\/em>&nbsp;_Weiner 1968\u20132003, _red. Gerti Fietzek en Gregor Stemmrich (Ostfildern-Ruit: Hatje Cantz, 2004), p. 237.<\/p>\n\n\n\n<p class=\"has-small-font-size\">[4] E-mailcorrespondentie met de kunstenaar, november 2009.<\/p>\n\n\n\n<div style=\"height:10px\" aria-hidden=\"true\" class=\"wp-block-spacer\"><\/div>\n\n\n\n<p>A text written by Maria Hlavajova on the occasion of the solo exhibition <em>Dicht Bij<\/em>&nbsp;by&nbsp;Lawrence Weiner, on view at BAK from 24 January till 28 March 2010. For more information regarding the exhibition, as well as a video of a conversation between the artist and Ann Goldstein, see<strong>&nbsp;<\/strong><a href=\"https:\/\/archive2.bakonline.org\/nl\/program-item\/dicht-bij\/\"><strong>here<\/strong><\/a>.<\/p>\n","protected":false},"excerpt":{"rendered":"<p>Lawrence Weiner&nbsp;kwam begin jaren \u201960 naar Nederland en vanwege het inspirerende karakter van de Nederlandse kunstwereld keerde hij in 1970 terug om in zekere zin tot op de dag van vandaag te blijven. Destijds was Amsterdam een van de productieve \u2018plaats[en] van onrust\u2019 in de wereld zoals hij dat noemde. De stad, met zijn typische [&hellip;]<\/p>\n","protected":false},"author":3,"featured_media":0,"parent":0,"menu_order":0,"comment_status":"closed","ping_status":"closed","template":"","meta":{"_acf_changed":false,"footnotes":""},"class_list":["post-16617","page","type-page","status-publish","hentry"],"acf":[],"_links":{"self":[{"href":"https:\/\/archive2.bakonline.org\/nl\/wp-json\/wp\/v2\/pages\/16617","targetHints":{"allow":["GET"]}}],"collection":[{"href":"https:\/\/archive2.bakonline.org\/nl\/wp-json\/wp\/v2\/pages"}],"about":[{"href":"https:\/\/archive2.bakonline.org\/nl\/wp-json\/wp\/v2\/types\/page"}],"author":[{"embeddable":true,"href":"https:\/\/archive2.bakonline.org\/nl\/wp-json\/wp\/v2\/users\/3"}],"replies":[{"embeddable":true,"href":"https:\/\/archive2.bakonline.org\/nl\/wp-json\/wp\/v2\/comments?post=16617"}],"version-history":[{"count":3,"href":"https:\/\/archive2.bakonline.org\/nl\/wp-json\/wp\/v2\/pages\/16617\/revisions"}],"predecessor-version":[{"id":16624,"href":"https:\/\/archive2.bakonline.org\/nl\/wp-json\/wp\/v2\/pages\/16617\/revisions\/16624"}],"wp:attachment":[{"href":"https:\/\/archive2.bakonline.org\/nl\/wp-json\/wp\/v2\/media?parent=16617"}],"curies":[{"name":"wp","href":"https:\/\/api.w.org\/{rel}","templated":true}]}}