{"id":16605,"date":"2019-04-24T17:25:02","date_gmt":"2019-04-24T15:25:02","guid":{"rendered":"https:\/\/archive2.bakonline.org\/?page_id=16605"},"modified":"2019-04-24T17:30:29","modified_gmt":"2019-04-24T15:30:29","slug":"mona-vatamanu-en-florin-tudor-surplus-value","status":"publish","type":"page","link":"https:\/\/archive2.bakonline.org\/nl\/mona-vatamanu-en-florin-tudor-surplus-value\/","title":{"rendered":"Mona Vatamanu en Florin Tudor, Surplus Value"},"content":{"rendered":"\n<p>Mona Vatamanu&nbsp;en&nbsp;Florin Tudor&nbsp;werken sinds 2000 samen. Binnen een werkwijze die een verscheidenheid aan media omvat (van installatie tot schilderkunst, fotografie en film) richten zij zich op een verkenning van de formele manifestaties van ideologie\u00ebn (of deze nu communistisch of kapitalistisch zijn) en de verschuivingen daarbinnen. In hun onderzoek van de materi\u00eble en symbolische resten van ideologie\u00ebn houden de kunstenaars zich bezig met de politiek van de herinnering. Hun werk deinst er niet voor terug om het inherente geweld van historische transformaties, om Marx te parafraseren, aan de orde te stellen, noch de mogelijkheden voor het individu om in zulke omstandigheden politiek in actie te komen.<\/p>\n\n\n\n<div style=\"height:10px\" aria-hidden=\"true\" class=\"wp-block-spacer\"><\/div>\n\n\n\n<p>Vatamanu en Tudor behoren tot een specifieke generatie in Roemeni\u00eb: een generatie die geboren werd tijdens de geboortegolf die eind jaren zestig begon (en in grote mate be\u010fnvloed was door de biopolitieke maatregelen van het Ceausescu-regime), en volwassen werd op de barricaden van de Roemeense Revolutie in december 1989 en tijdens de protesten in het voorjaar en de zomer van 1990. Na het enthousiasme en de tijdens de Revolutie gesmede solidariteit en de erop volgende diepe ontgoocheling vanwege de gewelddadige onderdrukking van de protesten van 1990 door medeburgers die door het nieuwe regime waren ingezet, speelde deze generatie een sleutelrol bij het vestigen van het overheersende ideologische kader van de afgelopen twintig jaar in Roemeni\u00eb. De hegemoniale cultuur die er uit voortvloeide is diep geworteld in anticommunisme \u2013 een houding die ieder progressief denken verwerpt dat modellen voor sociale solidariteit of collectieve actie impliceert, evenals pogingen om de herinnering aan het communistische verleden, samen met de eraan voorafgaande geschiedenis en de erop volgende overgang, kritisch te bespreken. In deze kortzichtige context waarin men zich steeds maar weer als historisch slachtoffer ziet, zijn de stemmen van Vatamanu en Tudor een uitzondering. Aan de basis ligt hun inzet om die geschiedenis (haar representatievormen en herinneringsverhalen) opnieuw onder ogen te zien, maar ook hun sterke gevoel van universalisme: hun positie en verantwoordelijkheid zien zij in een publieke arena die verder reikt dan de grenzen van de Roemeense cultuur.<\/p>\n\n\n\n<div style=\"height:10px\" aria-hidden=\"true\" class=\"wp-block-spacer\"><\/div>\n\n\n\n<p>De tentoonstelling&nbsp;<em>Surplus Value<\/em>&nbsp;bij BAK, basis voor actuele kunst, is de meest omvangrijke presentatie van hun werk tot nu toe. Maar in plaats van als een prematuur retrospectief moet deze tentoonstelling, het resultaat van een langlopende dialoog tussen de kunstenaars en de instelling, gezien worden als een poging om het terrein van het engagement en de strategie\u00ebn van Vatamanu en Tudor structureel te analyseren. De tentoonstelling is ook een onverminderde voortzetting van hun waarnemingen en acties met betrekking tot de werkelijkheid van de wereld van vandaag.<\/p>\n\n\n\n<div style=\"height:10px\" aria-hidden=\"true\" class=\"wp-block-spacer\"><\/div>\n\n\n\n<p><em>Calea [The Path]<\/em>&nbsp;(2009), een grote nieuwe installatie die voor de tentoonstelling bij BAK is gemaakt, is een subtiel maar desalniettemin complex commentaar, waarvan de implicaties aan veel thema\u2019s raken waarmee de kunstenaars voorheen hebben gewerkt. De bezoekers komen hier via een houten pad, dat aangelegd is over een massa roest die de hele vloer bedekt, een groot vertrek binnen. In een van de muren is een gewelfachtige opening gevuld met staven die helemaal van roest zijn gemaakt.&nbsp;<em>Calea<\/em>&nbsp;is een meervoudige betekenaar, en als we bij deze hermeneutische oefening een economische interpretatie voegen, wordt het verhaal nog complexer. Roest, een nevenproduct van op zware industrie gerichte, fordistische (op massaindustrie en \u2013consumptie gebaseerde) samenlevingen en tegelijkertijd een symbool (maar wel een solide en re\u00ebel symbool) van hun verval, betreedt het domein van de postfordistische, neoliberale en postcommunistische logica als verlies en als oneindige bron van de kapitalistische accumulatie. De neoliberale luchtbel, die we op dit moment in feite uiteen zien spatten, was grotendeels het resultaat van winstgroei op basis van verliezen, risicovolle hypotheken, onbetaalbare schulden en negatieve balansen die eindeloos vermenigvuldigd werden als om uit de drift van het vermenigvuldigen winst te halen. Je kunt zeggen dat dit allemaal \u2018gebouwd\u2019 was op de roest van onze oude industri\u00eble samenleving, die zwanger ging van de nieuwe samenleving van immaterieel kapitaal.<\/p>\n\n\n\n<div style=\"height:10px\" aria-hidden=\"true\" class=\"wp-block-spacer\"><\/div>\n\n\n\n<p><em>Plus valoarea [Surplus Value]<\/em>&nbsp;(2009), de meest recente film van Vatamanu en Tudor, die ook ter gelegenheid van deze tentoonstelling is gerealiseerd, onderstreept de inherente tegenspraken van het systeem van accumulatie en verlies, maar brengt deze universele observatie naar voren middels een autobiografische verwijzing die specifiek de Roemeense context betreft. Voor 1989 moesten leerlingen handvaardigheidlessen volgen, voornamelijk breien voor meisjes en houten metaalsnijden voor jongens. De valkuil bleek echter aan het eind van het schooljaar, wanneer de leerlingen hun eigen gefabriceerde objecten moesten terugkopen, waarbij de prijs evenredig steeg met de complexiteit van het stuk snij- of breiwerk. In&nbsp;<em>Plus valoarea<\/em>&nbsp;reproduceren de kunstenaars een van de eerste van die lessen, het met de hand fijnsnijden van een stukje metaal tot er niets van overblijft. Het terughalen van de herinnering aan die pedagogische taak gaat verder dan de absurditeit van de economische maatregelen van socialistische economie\u00ebn \u2013 de geplande, maar even goed de kapitalistische onder staatstoezicht. Het stelt vragen bij de betekenis van arbeid, winst en materialiteit.<\/p>\n\n\n\n<div style=\"height:10px\" aria-hidden=\"true\" class=\"wp-block-spacer\"><\/div>\n\n\n\n<p><em>Intalnire cu Istoria [Appointment with History]<\/em>&nbsp;(2007\u20132009) bestaat uit een reeks kleine schilderijen die negentiendeeeuwse realistische technieken hergebruiken en een breed scala aan taferelen laten zien, van een recente antikapitalistische demonstratie in Bazel, een rij mensen die ten tijde van communisme buiten voor een warenhuis staat, menigten op Alexanderplatz in Berlijn in 1989, tot een sc\u010dne uit de film&nbsp;<em>Imposibila iubire [Impossible Love]<\/em>&nbsp;(1983), waarin een arbeider in de jaren vijftig de wereld in aanbouw aanschouwt. De reeks keert terug naar de geschiedenis van de realistische beeldtaal voor een sociaal gedachtegoed binnen de kunst en maakt zich sterk voor een huidige vertegenwoordiger van het realisme, een realisme dat zich ten volle bewust is van zijn gecompliceerde vroegere instrumentaliseringen.<\/p>\n\n\n\n<div style=\"height:10px\" aria-hidden=\"true\" class=\"wp-block-spacer\"><\/div>\n\n\n\n<p>In deze lijn van denken kunnen we ook&nbsp;<em>Dust, Grzybowska 51<\/em>&nbsp;(2008) interpreteren, een fotoserie die een actie documenteert die door de kunstenaars is uitgevoerd op een leeg perceel in Warschau. Plekken als deze zijn bijna emblematisch geworden voor de steden in Oost-Europa. Ze staan zowel voor de verwoestingen en trauma\u2019s uit het verleden, de onvervulde beloften van een nieuwe samenleving, als voor de postcommunistische razernij van de neoliberale bouwhausse. Het betreffende landschap in Warschau past perfect in dit beeld. Het perceel wordt omgeven door een mix van vervallen oude panden en even vervallen socialistische woonblokken, met verder aan de horizon nieuwe hoogbouw uit glas en staal, kranen en containers met de logo\u2019s van vastgoedontwikkelaars. Ergens in het midden van het lege perceel graven de kunstenaars een vierkant gat en vullen het met cement. Het vierkant kan gezien worden als een vormgerelateerde afstammeling van modernistische en minimalistische constructies die we uit de geschiedenis van de kunst kennen. Maar door deze verwijzing in een actie te presenteren waarvan de betekenis de formele aspecten overstijgt, leveren de kunstenaars een duidelijk commentaar op de spanning tussen de \u2018autonomie van de kunst\u2019 en haar politieke verantwoordelijkheden. Evenals in hun andere werken kiezen de kunstenaars hier voor een aansluiting bij een bepaalde traditie van het modernisme, een traditie die de betekenis van het modernisme in de eerste plaats als een politieke opvatte.<\/p>\n\n\n\n<div style=\"height:10px\" aria-hidden=\"true\" class=\"wp-block-spacer\"><\/div>\n\n\n\n<p>Een soortgelijke ethiek die de artistieke subjectiviteit als de bron positioneert van bescheiden maar idealistische gebaren, gericht tegen de dominante narratieven, is te zien in twee korte video\u2019s:&nbsp;<em>Manifestul [The Manifesto]<\/em>&nbsp;(2005) en&nbsp;<em>Praful [The Dust]<\/em>&nbsp;(2006).&nbsp;<em>Manifestul<\/em>&nbsp;laat de kunstenaars zien terwijl ze lege vellen wit papier in de avondlucht uitstrooien vanaf de top van een hoog gebouw in een modernistische arbeiderswijk in Wenen, een verwijzing naar de geheime verspreiding van kopie\u00ebn van politieke manifesten in de publieke ruimte. In&nbsp;<em>Praful<\/em>vullen de kunstenaars hun zakken met stof van de plek waar nu een van de kerken (Schitul Maicilor) staat die in de jaren tachtig door Ceausescu waren verplaatst tijdens zijn \u2018systematisering\u2019 van Boekarest, en brengen zij het stof terug naar de oorspronkelijke plek van de kerk. Zij voeren zo een historische herdenkingsactie uit, maar deze is bijna intiem en staat in scherp contrast met de door de staat gesponsorde ceremonie\u00ebn waarin de grond van een heilige plaats naar een andere wordt gebracht.<\/p>\n\n\n\n<div style=\"height:10px\" aria-hidden=\"true\" class=\"wp-block-spacer\"><\/div>\n\n\n\n<p>De politiek van de herinnering is ook de katalysator van een andere film,<em>Procesul [The Trial]<\/em>&nbsp;(2004 \u20132005), maar op een meer confronterende manier. We zien een fascinerende opeenvolging van socialistische seriegebouwen in Boekarest, gefilmd vanuit een rijdende auto. De soundtrack die deze beelden begeleidt bestaat uit een monotone voorlezing van het transcript van het schijnproces tegen Nicolae en Elena Ceausescu in december 1989 dat tijdens de Roemeense Revolutie plaats vond. De socialistische woonblokken die het gezicht van Boekarest en veel andere Roemeense steden drastisch veranderd hebben, zijn vanwege hun alomtegenwoordigheid en zichtbaarheid na 1989 een van de belangrijkste symbolen van het communistische erfgoed geworden. De abruptheid van de omwenteling van 1989, die met geweld en de onwettig verklaring van het regime in luttele dagen tot stand kwam, werd in gang gezet met de moord op het dictatoriale paar. Deze feiten hebben het gehele oude communistische regime getransformeerd in een historische voetnoot binnen het dominante discours. Ze zijn veranderd in non-geschiedenis. Vandaar dat iedere werkelijkheid die uit die tijd stamt of ermee verbonden is slechts als een vreemde entiteit gesmoord en ge\u00eblimineerd kan worden, waarbij de mogelijkheid van nuanceringen en gedeeltelijke recuperaties bij voorbaat is uitgesloten. Zo worden de seriegebouwen, blocurile, waarvan de esthetische en functionele missers niet te ontkennen vallen, behandeld in quasi biologische termen, als een \u2018gezwel\u2019 dat het gezicht van een authentiek Roemeni\u00eb heeft aangetast, het Roemeni\u00eb met bucolische boerenhuizen of Europese bourgeoisie-architectuur. Deze traumatische houding tegenover het verleden is gewekt door de gewelddadige berechting van de dictators, een brute en toch gemakkelijk te rechtvaardigen moord die gemaskeerd werd door de ritualistische performance van een legaliteit die nog moest komen. Maar het werkelijk betekenisvolle verband tussen het verhaal van de beelden en het verhaal van de soundtrack in<em>Procesul<\/em>&nbsp;is te vinden op het vlak van het falen: het falen van een modernistisch ideaal, het falen van een verzoening met dat falen, en het tegenwoordige falen van het bespreekbaar maken van een manier om te leven in het materi\u00eble en mentale landschap dat door onze geschiedenis gevormd is.<\/p>\n\n\n\n<div style=\"height:10px\" aria-hidden=\"true\" class=\"wp-block-spacer\"><\/div>\n\n\n\n<p>Dit falen om het verleden van Roemeni\u00eb met een constructieve distantie te benaderen is meesterlijk, maar toch zo eenvoudig, naar voren gebracht in<em>Palatul [The Palace]<\/em>&nbsp;(2003\u20132004), een two-channel video-installatie die twee verschillende rondleidingen door het&nbsp;<em>House of the People<\/em>&nbsp;laat zien, Ceausescu\u2019s megalomane bouwwerk in Boekarest, waarvoor in de jaren tachtig een derde van de oude stad met de grond gelijk gemaakt werd. De clandestien gefilmde gidsen, een man en een vrouw, tonen verschillende houdingen tegenover het gebouw en het regime dat het mogelijk maakte, hoewel de lijnen van tegenspraak vaak meer door het betoog van ieder van de gidsen zelf lopen dan tussen elkaars verhalen. We krijgen zo een beeld te zien van twee (jonge) Roemenen, die verwarrend schuiven tussen onzeker nationalisme, trots en ontzag voor het massieve bouwwerk, het bewustzijn van de dramatische mensenoffers achter de bouw van het Paleis, en een dubbelzinnige houding tegenover zijn huidige functie als zetel van het Parlement van het nieuwe regime. We kunnen gerust zeggen dat dit onvermogen om met je geschiedenis in het reine te komen en een verantwoordelijke positie voor het heden te formuleren (ook al is dit in deze video omschreven met het oog op een specifieke situatie in Roemeni\u00eb) boekdelen spreekt over een zeker ideologisch tijdsgewricht waarin wij ons vandaag de dag bevinden, en dat veel verder reikt dan het geval van \u00e9\u00e9n bepaald land.<\/p>\n\n\n\n<div style=\"height:10px\" aria-hidden=\"true\" class=\"wp-block-spacer\"><\/div>\n\n\n\n<p>A text authored by Cosmin Costinas, the curator of <em>Surplus Value<\/em>, an exhibition by\u00a0Mona Vatamanu\u00a0and\u00a0Florin Tudor, on view at BAK from 6 September till 9 November 2009. For more information regarding\u00a0<em>Surplus Value<\/em>, the first research exhibition within the long-term project <a href=\"https:\/\/archive2.bakonline.org\/nl\/long-term-project\/former-west\/\"><strong>FORMER WEST<\/strong><\/a> (2008\u20132016), please see <a href=\"https:\/\/archive2.bakonline.org\/nl\/program-item\/surplus-value\/\"><strong>here<\/strong><\/a>.<\/p>\n","protected":false},"excerpt":{"rendered":"<p>Mona Vatamanu&nbsp;en&nbsp;Florin Tudor&nbsp;werken sinds 2000 samen. Binnen een werkwijze die een verscheidenheid aan media omvat (van installatie tot schilderkunst, fotografie en film) richten zij zich op een verkenning van de formele manifestaties van ideologie\u00ebn (of deze nu communistisch of kapitalistisch zijn) en de verschuivingen daarbinnen. In hun onderzoek van de materi\u00eble en symbolische resten van [&hellip;]<\/p>\n","protected":false},"author":3,"featured_media":0,"parent":0,"menu_order":0,"comment_status":"closed","ping_status":"closed","template":"","meta":{"_acf_changed":false,"footnotes":""},"class_list":["post-16605","page","type-page","status-publish","hentry"],"acf":[],"_links":{"self":[{"href":"https:\/\/archive2.bakonline.org\/nl\/wp-json\/wp\/v2\/pages\/16605","targetHints":{"allow":["GET"]}}],"collection":[{"href":"https:\/\/archive2.bakonline.org\/nl\/wp-json\/wp\/v2\/pages"}],"about":[{"href":"https:\/\/archive2.bakonline.org\/nl\/wp-json\/wp\/v2\/types\/page"}],"author":[{"embeddable":true,"href":"https:\/\/archive2.bakonline.org\/nl\/wp-json\/wp\/v2\/users\/3"}],"replies":[{"embeddable":true,"href":"https:\/\/archive2.bakonline.org\/nl\/wp-json\/wp\/v2\/comments?post=16605"}],"version-history":[{"count":2,"href":"https:\/\/archive2.bakonline.org\/nl\/wp-json\/wp\/v2\/pages\/16605\/revisions"}],"predecessor-version":[{"id":16610,"href":"https:\/\/archive2.bakonline.org\/nl\/wp-json\/wp\/v2\/pages\/16605\/revisions\/16610"}],"wp:attachment":[{"href":"https:\/\/archive2.bakonline.org\/nl\/wp-json\/wp\/v2\/media?parent=16605"}],"curies":[{"name":"wp","href":"https:\/\/api.w.org\/{rel}","templated":true}]}}